{"id":2372,"date":"2021-12-22T17:10:00","date_gmt":"2021-12-22T16:10:00","guid":{"rendered":"https:\/\/symmy.com\/?page_id=2372"},"modified":"2023-01-16T12:43:56","modified_gmt":"2023-01-16T11:43:56","slug":"zasady-pouzivani-souboru-cookies","status":"publish","type":"page","link":"https:\/\/symmy.com\/cs\/zasady-pouzivani-souboru-cookies\/","title":{"rendered":"Z\u00e1sady pou\u017e\u00edv\u00e1n\u00ed soubor\u016f cookies"},"content":{"rendered":"\t\t<div data-elementor-type=\"wp-page\" data-elementor-id=\"2372\" class=\"elementor elementor-2372\" data-elementor-post-type=\"page\">\n\t\t\t\t\t\t<section class=\"elementor-section elementor-top-section elementor-element elementor-element-a7b0512 elementor-section-height-min-height elementor-section-items-bottom elementor-section-content-middle elementor-section-boxed elementor-section-height-default\" data-id=\"a7b0512\" data-element_type=\"section\" data-settings=\"{&quot;background_background&quot;:&quot;classic&quot;}\">\n\t\t\t\t\t\t\t<div class=\"elementor-background-overlay\"><\/div>\n\t\t\t\t\t\t\t<div class=\"elementor-container elementor-column-gap-default\">\n\t\t\t\t\t<div class=\"elementor-column elementor-col-50 elementor-top-column elementor-element elementor-element-2d8905df\" data-id=\"2d8905df\" data-element_type=\"column\">\n\t\t\t<div class=\"elementor-widget-wrap elementor-element-populated\">\n\t\t\t\t\t\t<div class=\"elementor-element elementor-element-7b9e2e81 elementor-widget elementor-widget-heading\" data-id=\"7b9e2e81\" data-element_type=\"widget\" data-widget_type=\"heading.default\">\n\t\t\t\t<div class=\"elementor-widget-container\">\n\t\t\t\t\t<h1 class=\"elementor-heading-title elementor-size-default\">Z\u00e1sady pou\u017e\u00edv\u00e1n\u00ed soubor\u016f cookies<\/h1>\t\t\t\t<\/div>\n\t\t\t\t<\/div>\n\t\t\t\t\t<\/div>\n\t\t<\/div>\n\t\t\t\t<div class=\"elementor-column elementor-col-50 elementor-top-column elementor-element elementor-element-4ff7072b\" data-id=\"4ff7072b\" data-element_type=\"column\">\n\t\t\t<div class=\"elementor-widget-wrap\">\n\t\t\t\t\t\t\t<\/div>\n\t\t<\/div>\n\t\t\t\t\t<\/div>\n\t\t<\/section>\n\t\t\t\t<section class=\"elementor-section elementor-top-section elementor-element elementor-element-429f63da elementor-reverse-mobile odkazy elementor-section-boxed elementor-section-height-default elementor-section-height-default\" data-id=\"429f63da\" data-element_type=\"section\">\n\t\t\t\t\t\t<div class=\"elementor-container elementor-column-gap-default\">\n\t\t\t\t\t<div class=\"elementor-column elementor-col-100 elementor-top-column elementor-element elementor-element-6daf79\" data-id=\"6daf79\" data-element_type=\"column\">\n\t\t\t<div class=\"elementor-widget-wrap elementor-element-populated\">\n\t\t\t\t\t\t<div class=\"elementor-element elementor-element-3529868d elementor-widget elementor-widget-heading\" data-id=\"3529868d\" data-element_type=\"widget\" data-widget_type=\"heading.default\">\n\t\t\t\t<div class=\"elementor-widget-container\">\n\t\t\t\t\t<h2 class=\"elementor-heading-title elementor-size-default\">Co jsou soubory cookies\n<\/h2>\t\t\t\t<\/div>\n\t\t\t\t<\/div>\n\t\t\t\t<div class=\"elementor-element elementor-element-11493336 elementor-widget elementor-widget-text-editor\" data-id=\"11493336\" data-element_type=\"widget\" data-widget_type=\"text-editor.default\">\n\t\t\t\t<div class=\"elementor-widget-container\">\n\t\t\t\t\t\t\t\t\t<div class=\"fo__content \" spellcheck=\"false\" data-gramm=\"false\"><p class=\"p1\">Za \u00fa\u010delem zlep\u0161en\u00ed V\u00e1m poskytovan\u00fdch slu\u017eeb vyu\u017e\u00edvaj\u00ed na\u0161e str\u00e1nky soubory cookie. Soubory cookie jsou mal\u00e9 soubory, kter\u00e9 ukl\u00e1daj\u00ed informace ve Va\u0161em prohl\u00ed\u017ee\u010di a b\u011b\u017en\u011b slou\u017e\u00ed k rozli\u0161ov\u00e1n\u00ed jednotliv\u00fdch u\u017eivatel\u016f. Osoba u\u017eivatele v\u0161ak nen\u00ed na z\u00e1klad\u011b t\u011bchto informac\u00ed identifikovateln\u00e1.<\/p><p class=\"p1\">Soubory cookies tak pom\u00e1haj\u00ed nap\u0159.:<\/p><ul class=\"ul1\"><li class=\"li1\">ke spr\u00e1vn\u00e9 funk\u010dnosti na\u0161ich str\u00e1nek, aby bylo mo\u017en\u00e9 dokon\u010dit proces n\u00e1kupu s co nejmen\u0161\u00edmi obt\u00ed\u017eemi;<\/li><li class=\"li1\">p\u0159i zapamatov\u00e1n\u00ed p\u0159ihla\u0161ovac\u00edch \u00fadaj\u016f na\u0161ich z\u00e1kazn\u00edk\u016f, tak\u017ee je nemus\u00ed poka\u017ed\u00e9 zad\u00e1vat;<\/li><li class=\"li1\">p\u0159i zji\u0161\u0165ov\u00e1n\u00ed, kter\u00e9 str\u00e1nky a funkce pou\u017e\u00edvaj\u00ed n\u00e1v\u0161t\u011bvn\u00edci nej\u010dast\u011bji; na z\u00e1klad\u011b toho m\u016f\u017eeme co nejl\u00e9pe p\u0159izp\u016fsobit na\u0161i nab\u00eddku Va\u0161im po\u017eadavk\u016fm;<\/li><li class=\"li1\">pom\u00e1haj\u00ed n\u00e1m zjistit, kter\u00e9 reklamy si n\u00e1v\u0161t\u011bvn\u00edci nej\u010dast\u011bji prohl\u00ed\u017e\u00ed, aby se jim p\u0159i proch\u00e1zen\u00ed str\u00e1nek nezobrazovala st\u00e1le stejn\u00e1 reklama, p\u0159\u00edpadn\u011b aby se jim nezobrazovala reklama na zbo\u017e\u00ed, o kter\u00e9 nemaj\u00ed z\u00e1jem.<\/li><\/ul><p class=\"p1\">Dal\u0161\u00ed obecn\u00e9 informace k soubor\u016fm cookie naleznete nap\u0159.\u00a0<a href=\"http:\/\/cs.wikipedia.org\/wiki\/HTTP_cookie\" target=\"_blank\" rel=\"noopener\"><span class=\"s2\">zde<\/span><\/a>.<\/p><\/div>\t\t\t\t\t\t\t\t<\/div>\n\t\t\t\t<\/div>\n\t\t\t\t<div class=\"elementor-element elementor-element-1a5d8843 elementor-widget elementor-widget-heading\" data-id=\"1a5d8843\" data-element_type=\"widget\" data-widget_type=\"heading.default\">\n\t\t\t\t<div class=\"elementor-widget-container\">\n\t\t\t\t\t<h2 class=\"elementor-heading-title elementor-size-default\">Jak\u00e9 soubory cookie pou\u017e\u00edv\u00e1me\n<\/h2>\t\t\t\t<\/div>\n\t\t\t\t<\/div>\n\t\t\t\t<div class=\"elementor-element elementor-element-1625cf19 elementor-widget elementor-widget-text-editor\" data-id=\"1625cf19\" data-element_type=\"widget\" data-widget_type=\"text-editor.default\">\n\t\t\t\t<div class=\"elementor-widget-container\">\n\t\t\t\t\t\t\t\t\t<div spellcheck=\"false\" data-gramm=\"false\"><p>Soubory cookie pou\u017e\u00edvan\u00e9 na na\u0161ich str\u00e1nk\u00e1ch lze z hlediska jejich trvanlivosti rozd\u011blit na dva z\u00e1kladn\u00ed typy. Kr\u00e1tkodob\u00e9 tzv. \u201esession cookie\u201c kter\u00e9 jsou pouze do\u010dasn\u00e9 a z\u016fst\u00e1vaj\u00ed ulo\u017eeny ve Va\u0161em prohl\u00ed\u017ee\u010di pouze do t\u00e9 doby, ne\u017e prohl\u00ed\u017ee\u010d zav\u0159ete, a dlouhodob\u011b tzv. \u201epersistent cookie\u201c, kter\u00e9 z\u016fst\u00e1vaj\u00ed ulo\u017eeny ve Va\u0161em za\u0159\u00edzen\u00ed mnohem d\u00e9le nebo dokud je ru\u010dn\u011b neodstran\u00edte (doba ponech\u00e1n\u00ed soubor\u016f cookie ve va\u0161em za\u0159\u00edzen\u00ed z\u00e1vis\u00ed na nastaven\u00ed samotn\u00e9 cookie a nastaven\u00ed va\u0161eho prohl\u00ed\u017ee\u010de).<\/p><\/div>\t\t\t\t\t\t\t\t<\/div>\n\t\t\t\t<\/div>\n\t\t\t\t\t<\/div>\n\t\t<\/div>\n\t\t\t\t\t<\/div>\n\t\t<\/section>\n\t\t\t\t<section class=\"elementor-section elementor-top-section elementor-element elementor-element-0da4db1 odkazy elementor-section-boxed elementor-section-height-default elementor-section-height-default\" data-id=\"0da4db1\" data-element_type=\"section\">\n\t\t\t\t\t\t<div class=\"elementor-container elementor-column-gap-default\">\n\t\t\t\t\t<div class=\"elementor-column elementor-col-100 elementor-top-column elementor-element elementor-element-d26b504\" data-id=\"d26b504\" data-element_type=\"column\">\n\t\t\t<div class=\"elementor-widget-wrap elementor-element-populated\">\n\t\t\t\t\t\t<div class=\"elementor-element elementor-element-2bfcac5 elementor-widget elementor-widget-html\" data-id=\"2bfcac5\" data-element_type=\"widget\" data-widget_type=\"html.default\">\n\t\t\t\t<div class=\"elementor-widget-container\">\n\t\t\t\t\t<style>\r\n    a.cky-banner-element {\r\n        padding: 8px 30px;\r\n        background: #F8F9FA;\r\n        color: #858A8F;\r\n        border: 1px solid #DEE2E6;\r\n        box-sizing: border-box;\r\n        border-radius: 2px;\r\n        cursor: pointer;\r\n}\r\n<\/style>\r\n\r\n\r\n&nbsp;\r\n\r\n\r\n    <div class=\"cky-audit-table-element\"><\/div>\r\n\r\n&nbsp;\r\n    <h3 style=\"margin-bottom:20px;\">Upravit nastaven\u00ed cookies<\/h3>\r\n\r\n    <a class=\"cky-banner-element\">Upravit<\/a> <br\/>\r\n\r\n    \t\t\t\t<\/div>\n\t\t\t\t<\/div>\n\t\t\t\t<div class=\"elementor-element elementor-element-f13963d elementor-widget elementor-widget-heading\" data-id=\"f13963d\" data-element_type=\"widget\" data-widget_type=\"heading.default\">\n\t\t\t\t<div class=\"elementor-widget-container\">\n\t\t\t\t\t<h2 class=\"elementor-heading-title elementor-size-default\">Jak odm\u00edtnout pou\u017e\u00edv\u00e1n\u00ed soubor\u016f cookie\n<\/h2>\t\t\t\t<\/div>\n\t\t\t\t<\/div>\n\t\t\t\t<div class=\"elementor-element elementor-element-ced69a3 elementor-widget elementor-widget-text-editor\" data-id=\"ced69a3\" data-element_type=\"widget\" data-widget_type=\"text-editor.default\">\n\t\t\t\t<div class=\"elementor-widget-container\">\n\t\t\t\t\t\t\t\t\t<div class=\"fo__content \" spellcheck=\"false\" data-gramm=\"false\"><p class=\"p1\">Pou\u017e\u00edv\u00e1n\u00ed soubor\u016f cookie lze nastavit pomoc\u00ed Va\u0161eho internetov\u00e9ho prohl\u00ed\u017ee\u010de. V\u011bt\u0161ina prohl\u00ed\u017ee\u010d\u016f soubory cookie automaticky p\u0159ij\u00edm\u00e1 ji\u017e ve v\u00fdchoz\u00edm nastaven\u00ed. Soubory cookie lze pomoc\u00ed Va\u0161eho webov\u00e9ho prohl\u00ed\u017ee\u010de odm\u00edtnout nebo nastavit u\u017e\u00edv\u00e1n\u00ed jen n\u011bkter\u00fdch soubor\u016f cookie.<\/p><p class=\"p1\">Informace o prohl\u00ed\u017ee\u010d\u00edch a o zp\u016fsobu nastaven\u00ed p\u0159edvoleb pro soubory cookie m\u016f\u017eete nal\u00e9zt na n\u00e1sleduj\u00edc\u00edch webov\u00fdch str\u00e1nk\u00e1ch:<\/p><ul><li class=\"p3\"><span class=\"s1\"><a href=\"https:\/\/support.google.com\/accounts\/answer\/61416?hl=cs\" target=\"_blank\" rel=\"noopener\">Chrome<\/a><\/span><\/li><li class=\"p3\"><span class=\"s2\"><a href=\"http:\/\/support.mozilla.org\/cs\/kb\/Pr%C3%A1ce%20s%20cookies\" target=\"_blank\" rel=\"noopener\"><span class=\"s1\">Firefox\u00a0<\/span><\/a><\/span><\/li><li><a href=\"https:\/\/support.apple.com\/en-in\/guide\/safari\/sfri11471\/mac\" target=\"_blank\" rel=\"noopener\">Safari<\/a><\/li><li class=\"p3\"><span class=\"s2\"><span class=\"s2\"><a href=\"http:\/\/support.microsoft.com\/kb\/283185\/cs\" target=\"_blank\" rel=\"noopener\"><span class=\"s1\">Internet Explorer<\/span><\/a><\/span><\/span><\/li><\/ul><p class=\"p1\">\u00da\u010dinn\u00fd n\u00e1stroj pro spr\u00e1vu soubor\u016f cookie je t\u00e9\u017e k dispozici na str\u00e1nk\u00e1ch\u00a0<a href=\"http:\/\/www.youronlinechoices.com\/cz\/\" target=\"_blank\" rel=\"noopener\"><span class=\"s3\">http:\/\/www.youronlinechoices.com\/cz\/<\/span><\/a><\/p><p class=\"p1\"><b>Pou\u017e\u00edv\u00e1n\u00edm tohoto webu s t\u00edmto zpracov\u00e1n\u00edm cookies souhlas\u00edte.<\/b><\/p><\/div>\t\t\t\t\t\t\t\t<\/div>\n\t\t\t\t<\/div>\n\t\t\t\t\t<\/div>\n\t\t<\/div>\n\t\t\t\t\t<\/div>\n\t\t<\/section>\n\t\t\t\t<\/div>\n\t\t","protected":false},"excerpt":{"rendered":"<p>Z\u00e1sady pou\u017e\u00edv\u00e1n\u00ed soubor\u016f cookies Co jsou soubory cookies Za \u00fa\u010delem zlep\u0161en\u00ed V\u00e1m poskytovan\u00fdch slu\u017eeb vyu\u017e\u00edvaj\u00ed na\u0161e str\u00e1nky soubory cookie. Soubory cookie jsou mal\u00e9 soubory, kter\u00e9 ukl\u00e1daj\u00ed informace ve Va\u0161em prohl\u00ed\u017ee\u010di a b\u011b\u017en\u011b slou\u017e\u00ed k rozli\u0161ov\u00e1n\u00ed jednotliv\u00fdch u\u017eivatel\u016f. Osoba u\u017eivatele v\u0161ak nen\u00ed na z\u00e1klad\u011b t\u011bchto informac\u00ed identifikovateln\u00e1. Soubory cookies tak pom\u00e1haj\u00ed nap\u0159.: ke spr\u00e1vn\u00e9 funk\u010dnosti na\u0161ich [&hellip;]<\/p>\n","protected":false},"author":1,"featured_media":0,"parent":0,"menu_order":0,"comment_status":"closed","ping_status":"closed","template":"elementor_header_footer","meta":{"_acf_changed":false,"inline_featured_image":false,"footnotes":""},"class_list":["post-2372","page","type-page","status-publish","hentry"],"acf":[],"_links":{"self":[{"href":"https:\/\/symmy.com\/cs\/wp-json\/wp\/v2\/pages\/2372","targetHints":{"allow":["GET"]}}],"collection":[{"href":"https:\/\/symmy.com\/cs\/wp-json\/wp\/v2\/pages"}],"about":[{"href":"https:\/\/symmy.com\/cs\/wp-json\/wp\/v2\/types\/page"}],"author":[{"embeddable":true,"href":"https:\/\/symmy.com\/cs\/wp-json\/wp\/v2\/users\/1"}],"replies":[{"embeddable":true,"href":"https:\/\/symmy.com\/cs\/wp-json\/wp\/v2\/comments?post=2372"}],"version-history":[{"count":52,"href":"https:\/\/symmy.com\/cs\/wp-json\/wp\/v2\/pages\/2372\/revisions"}],"predecessor-version":[{"id":3746,"href":"https:\/\/symmy.com\/cs\/wp-json\/wp\/v2\/pages\/2372\/revisions\/3746"}],"wp:attachment":[{"href":"https:\/\/symmy.com\/cs\/wp-json\/wp\/v2\/media?parent=2372"}],"curies":[{"name":"wp","href":"https:\/\/api.w.org\/{rel}","templated":true}]}}