{"id":54904,"date":"2025-06-26T15:59:23","date_gmt":"2025-06-26T13:59:23","guid":{"rendered":"https:\/\/symmy.com\/cookie-richtlinie\/"},"modified":"2025-06-26T15:59:23","modified_gmt":"2025-06-26T13:59:23","slug":"cookie-richtlinie","status":"publish","type":"page","link":"https:\/\/symmy.com\/de\/cookie-richtlinie\/","title":{"rendered":"Cookie-Richtlinie"},"content":{"rendered":"\t\t<div data-elementor-type=\"wp-page\" data-elementor-id=\"54904\" class=\"elementor elementor-54904 elementor-2372\" data-elementor-post-type=\"page\">\n\t\t\t\t\t\t<section class=\"elementor-section elementor-top-section elementor-element elementor-element-a7b0512 elementor-section-height-min-height elementor-section-items-bottom elementor-section-content-middle elementor-section-boxed elementor-section-height-default\" data-id=\"a7b0512\" data-element_type=\"section\" data-settings=\"{&quot;background_background&quot;:&quot;classic&quot;}\">\n\t\t\t\t\t\t\t<div class=\"elementor-background-overlay\"><\/div>\n\t\t\t\t\t\t\t<div class=\"elementor-container elementor-column-gap-default\">\n\t\t\t\t\t<div class=\"elementor-column elementor-col-50 elementor-top-column elementor-element elementor-element-2d8905df\" data-id=\"2d8905df\" data-element_type=\"column\">\n\t\t\t<div class=\"elementor-widget-wrap elementor-element-populated\">\n\t\t\t\t\t\t<div class=\"elementor-element elementor-element-7b9e2e81 elementor-widget elementor-widget-heading\" data-id=\"7b9e2e81\" data-element_type=\"widget\" data-widget_type=\"heading.default\">\n\t\t\t\t<div class=\"elementor-widget-container\">\n\t\t\t\t\t<h1 class=\"elementor-heading-title elementor-size-default\">Cookie-Richtlinie<\/h1>\t\t\t\t<\/div>\n\t\t\t\t<\/div>\n\t\t\t\t\t<\/div>\n\t\t<\/div>\n\t\t\t\t<div class=\"elementor-column elementor-col-50 elementor-top-column elementor-element elementor-element-4ff7072b\" data-id=\"4ff7072b\" data-element_type=\"column\">\n\t\t\t<div class=\"elementor-widget-wrap\">\n\t\t\t\t\t\t\t<\/div>\n\t\t<\/div>\n\t\t\t\t\t<\/div>\n\t\t<\/section>\n\t\t\t\t<section class=\"elementor-section elementor-top-section elementor-element elementor-element-429f63da elementor-reverse-mobile odkazy elementor-section-boxed elementor-section-height-default elementor-section-height-default\" data-id=\"429f63da\" data-element_type=\"section\">\n\t\t\t\t\t\t<div class=\"elementor-container elementor-column-gap-default\">\n\t\t\t\t\t<div class=\"elementor-column elementor-col-100 elementor-top-column elementor-element elementor-element-6daf79\" data-id=\"6daf79\" data-element_type=\"column\">\n\t\t\t<div class=\"elementor-widget-wrap elementor-element-populated\">\n\t\t\t\t\t\t<div class=\"elementor-element elementor-element-3529868d elementor-widget elementor-widget-heading\" data-id=\"3529868d\" data-element_type=\"widget\" data-widget_type=\"heading.default\">\n\t\t\t\t<div class=\"elementor-widget-container\">\n\t\t\t\t\t<h2 class=\"elementor-heading-title elementor-size-default\">Was sind Cookies\n<\/h2>\t\t\t\t<\/div>\n\t\t\t\t<\/div>\n\t\t\t\t<div class=\"elementor-element elementor-element-11493336 elementor-widget elementor-widget-text-editor\" data-id=\"11493336\" data-element_type=\"widget\" data-widget_type=\"text-editor.default\">\n\t\t\t\t<div class=\"elementor-widget-container\">\n\t\t\t\t\t\t\t\t\t<div class=\"fo__content \" spellcheck=\"false\" data-gramm=\"false\"><p class=\"p1\">Um den Service, den wir Ihnen bieten, zu verbessern, verwendet unsere Website Cookies. Cookies sind kleine Dateien, die Informationen in Ihrem Browser speichern und in der Regel dazu verwendet werden, einzelne Benutzer zu unterscheiden. Die Person eines Benutzers kann jedoch anhand dieser Informationen nicht identifiziert werden.  <\/p><p class=\"p1\">Cookies helfen dabei zum Beispiel:<\/p><ul class=\"ul1\"><li class=\"li1\">um die ordnungsgem\u00e4\u00dfe Funktionalit\u00e4t unserer Website zu gew\u00e4hrleisten, damit Sie den Kaufvorgang mit m\u00f6glichst wenig Unannehmlichkeiten abschlie\u00dfen k\u00f6nnen;<\/li><li class=\"li1\">bei der Erinnerung an die Anmeldedaten unserer Kunden, damit sie diese nicht jedes Mal neu eingeben m\u00fcssen;<\/li><li class=\"li1\">um herauszufinden, welche Seiten und Funktionen die Besucher am h\u00e4ufigsten nutzen; dies hilft uns, unser Angebot auf Ihre Bed\u00fcrfnisse abzustimmen;<\/li><li class=\"li1\">helfen uns dabei, herauszufinden, welche Anzeigen Besucher am h\u00e4ufigsten ansehen, damit sie beim Surfen auf der Website nicht immer wieder dieselben Anzeigen sehen, oder damit sie keine Werbung f\u00fcr Produkte sehen, die sie nicht interessieren.<\/li><\/ul><p class=\"p1\">Weitere allgemeine Informationen \u00fcber Cookies finden Sie z.B. <a href=\"http:\/\/cs.wikipedia.org\/wiki\/HTTP_cookie\" target=\"_blank\" rel=\"noopener\"><span class=\"s2\">hier<\/span><\/a>.<\/p><\/div>\t\t\t\t\t\t\t\t<\/div>\n\t\t\t\t<\/div>\n\t\t\t\t<div class=\"elementor-element elementor-element-1a5d8843 elementor-widget elementor-widget-heading\" data-id=\"1a5d8843\" data-element_type=\"widget\" data-widget_type=\"heading.default\">\n\t\t\t\t<div class=\"elementor-widget-container\">\n\t\t\t\t\t<h2 class=\"elementor-heading-title elementor-size-default\">Welche Cookies wir verwenden\n<\/h2>\t\t\t\t<\/div>\n\t\t\t\t<\/div>\n\t\t\t\t<div class=\"elementor-element elementor-element-1625cf19 elementor-widget elementor-widget-text-editor\" data-id=\"1625cf19\" data-element_type=\"widget\" data-widget_type=\"text-editor.default\">\n\t\t\t\t<div class=\"elementor-widget-container\">\n\t\t\t\t\t\t\t\t\t<div spellcheck=\"false\" data-gramm=\"false\"><p>Die auf unserer Website verwendeten Cookies lassen sich in Bezug auf ihre Lebensdauer in zwei Grundtypen unterteilen. Kurzfristige &#8220;Sitzungscookies&#8221;, die nur vor\u00fcbergehend sind und nur so lange in Ihrem Browser gespeichert bleiben, bis Sie Ihren Browser schlie\u00dfen, und langfristige &#8220;dauerhafte Cookies&#8221;, die viel l\u00e4nger auf Ihrem Ger\u00e4t gespeichert bleiben oder bis Sie sie manuell l\u00f6schen (die Dauer, die Cookies auf Ihrem Ger\u00e4t verbleiben, h\u00e4ngt von der Einstellung des Cookies selbst und von Ihren Browsereinstellungen ab).   <\/p><\/div>\t\t\t\t\t\t\t\t<\/div>\n\t\t\t\t<\/div>\n\t\t\t\t\t<\/div>\n\t\t<\/div>\n\t\t\t\t\t<\/div>\n\t\t<\/section>\n\t\t\t\t<section class=\"elementor-section elementor-top-section elementor-element elementor-element-0da4db1 odkazy elementor-section-boxed elementor-section-height-default elementor-section-height-default\" data-id=\"0da4db1\" data-element_type=\"section\">\n\t\t\t\t\t\t<div class=\"elementor-container elementor-column-gap-default\">\n\t\t\t\t\t<div class=\"elementor-column elementor-col-100 elementor-top-column elementor-element elementor-element-d26b504\" data-id=\"d26b504\" data-element_type=\"column\">\n\t\t\t<div class=\"elementor-widget-wrap elementor-element-populated\">\n\t\t\t\t\t\t<div class=\"elementor-element elementor-element-2bfcac5 elementor-widget elementor-widget-html\" data-id=\"2bfcac5\" data-element_type=\"widget\" data-widget_type=\"html.default\">\n\t\t\t\t<div class=\"elementor-widget-container\">\n\t\t\t\t\t<style>\r\n    a.cky-banner-element {\r\n        padding: 8px 30px;\r\n        background: #F8F9FA;\r\n        color: #858A8F;\r\n        border: 1px solid #DEE2E6;\r\n        box-sizing: border-box;\r\n        border-radius: 2px;\r\n        cursor: pointer;\r\n}\r\n<\/style>\r\n\r\n\r\n&nbsp;\r\n\r\n\r\n    <div class=\"cky-audit-table-element\"><\/div>\r\n\r\n&nbsp;\r\n    <h3 style=\"margin-bottom:20px;\">Cookie-Einstellungen bearbeiten<\/h3>\r\n\r\n    <a class=\"cky-banner-element\">Bearbeiten von<\/a> <br>\r\n    \t\t\t\t<\/div>\n\t\t\t\t<\/div>\n\t\t\t\t<div class=\"elementor-element elementor-element-f13963d elementor-widget elementor-widget-heading\" data-id=\"f13963d\" data-element_type=\"widget\" data-widget_type=\"heading.default\">\n\t\t\t\t<div class=\"elementor-widget-container\">\n\t\t\t\t\t<h2 class=\"elementor-heading-title elementor-size-default\">Wie Sie die Verwendung von Cookies ablehnen k\u00f6nnen\n<\/h2>\t\t\t\t<\/div>\n\t\t\t\t<\/div>\n\t\t\t\t<div class=\"elementor-element elementor-element-ced69a3 elementor-widget elementor-widget-text-editor\" data-id=\"ced69a3\" data-element_type=\"widget\" data-widget_type=\"text-editor.default\">\n\t\t\t\t<div class=\"elementor-widget-container\">\n\t\t\t\t\t\t\t\t\t<div class=\"fo__content \" spellcheck=\"false\" data-gramm=\"false\"><p class=\"p1\">Die Verwendung von Cookies kann \u00fcber Ihren Internetbrowser eingestellt werden. Die meisten Browser akzeptieren Cookies automatisch und standardm\u00e4\u00dfig. Sie k\u00f6nnen Cookies ablehnen oder Ihren Webbrowser so einstellen, dass nur bestimmte Cookies verwendet werden.  <\/p><p class=\"p1\">Informationen zu Browsern und wie Sie Ihre Cookie-Einstellungen vornehmen k\u00f6nnen, finden Sie auf den folgenden Websites:<\/p><ul><li class=\"p3\"><span class=\"s1\"><a href=\"https:\/\/support.google.com\/accounts\/answer\/61416?hl=cs\" target=\"_blank\" rel=\"noopener\">Chrom<\/a><\/span><\/li><li class=\"p3\"><span class=\"s2\"><a href=\"http:\/\/support.mozilla.org\/cs\/kb\/Pr%C3%A1ce%20s%20cookies\" target=\"_blank\" rel=\"noopener\"><span class=\"s1\">Firefox  <\/span><\/a><\/span><\/li><li><a href=\"https:\/\/support.apple.com\/en-in\/guide\/safari\/sfri11471\/mac\" target=\"_blank\" rel=\"noopener\">Safari<\/a><\/li><li class=\"p3\"><span class=\"s2\"><span class=\"s2\"><a href=\"http:\/\/support.microsoft.com\/kb\/283185\/cs\" target=\"_blank\" rel=\"noopener\"><span class=\"s1\">Internet Explorer<\/span><\/a><\/span><\/span><\/li><\/ul><p class=\"p1\">Ein effektives Tool zur Verwaltung von Cookies finden Sie auch auf der Website <a href=\"http:\/\/www.youronlinechoices.com\/cz\/\" target=\"_blank\" rel=\"noopener\"><span class=\"s3\">http:\/\/www.youronlinechoices.com\/cz\/<\/span><\/a><\/p><p class=\"p1\"><b>Durch die Nutzung dieser Website stimmen Sie dieser Verarbeitung von Cookies zu.<\/b><\/p><\/div>\t\t\t\t\t\t\t\t<\/div>\n\t\t\t\t<\/div>\n\t\t\t\t\t<\/div>\n\t\t<\/div>\n\t\t\t\t\t<\/div>\n\t\t<\/section>\n\t\t\t\t<\/div>\n\t\t","protected":false},"excerpt":{"rendered":"<p>Cookie-Richtlinie Was sind Cookies Um den Service, den wir Ihnen bieten, zu verbessern, verwendet unsere Website Cookies. Cookies sind kleine Dateien, die Informationen in Ihrem Browser speichern und in der Regel dazu verwendet werden, einzelne Benutzer zu unterscheiden. Die Person eines Benutzers kann jedoch anhand dieser Informationen nicht identifiziert werden. Cookies helfen dabei zum Beispiel: [&hellip;]<\/p>\n","protected":false},"author":1,"featured_media":0,"parent":0,"menu_order":0,"comment_status":"closed","ping_status":"closed","template":"elementor_header_footer","meta":{"_acf_changed":false,"inline_featured_image":false,"footnotes":""},"class_list":["post-54904","page","type-page","status-publish","hentry"],"acf":[],"_links":{"self":[{"href":"https:\/\/symmy.com\/de\/wp-json\/wp\/v2\/pages\/54904","targetHints":{"allow":["GET"]}}],"collection":[{"href":"https:\/\/symmy.com\/de\/wp-json\/wp\/v2\/pages"}],"about":[{"href":"https:\/\/symmy.com\/de\/wp-json\/wp\/v2\/types\/page"}],"author":[{"embeddable":true,"href":"https:\/\/symmy.com\/de\/wp-json\/wp\/v2\/users\/1"}],"replies":[{"embeddable":true,"href":"https:\/\/symmy.com\/de\/wp-json\/wp\/v2\/comments?post=54904"}],"version-history":[{"count":1,"href":"https:\/\/symmy.com\/de\/wp-json\/wp\/v2\/pages\/54904\/revisions"}],"predecessor-version":[{"id":54905,"href":"https:\/\/symmy.com\/de\/wp-json\/wp\/v2\/pages\/54904\/revisions\/54905"}],"wp:attachment":[{"href":"https:\/\/symmy.com\/de\/wp-json\/wp\/v2\/media?parent=54904"}],"curies":[{"name":"wp","href":"https:\/\/api.w.org\/{rel}","templated":true}]}}